{"id":2686,"date":"2025-11-10T01:09:29","date_gmt":"2025-11-10T01:09:29","guid":{"rendered":"https:\/\/www.nucleonglobal.com\/?page_id=2686"},"modified":"2025-11-10T01:09:29","modified_gmt":"2025-11-10T01:09:29","slug":"cookie-policy","status":"publish","type":"page","link":"https:\/\/www.nucleonglobal.com\/da\/cookie-policy\/","title":{"rendered":"Cookiepolitik"},"content":{"rendered":"<p>Fra tid til anden kan NUCLEON placere oplysninger p\u00e5 din computer, som g\u00f8r det muligt for NUCLEON at genkende din computer. Disse oplysninger kaldes almindeligvis en &quot;cookie&quot;. Cookies muligg\u00f8r typisk indsamling af visse oplysninger om din computer, herunder din IP-adresse (internetprotokol), din computers operativsystem, din browsertype og adressen p\u00e5 eventuelle henvisende websteder. Cookies har til form\u00e5l at forbedre Tjenesten.<\/p>\r\n<p>En cookie er en lille fil med bogstaver og tal, som vi gemmer i din browser eller p\u00e5 din computers harddisk, hvis du accepterer det. Cookies indeholder oplysninger, der overf\u00f8res til din computers harddisk.<\/p>\r\n<p>Vi bruger f\u00f8lgende cookies:<\/p>\r\n<ul>\r\n\t<li>Strengt n\u00f8dvendige cookies. Disse er cookies, der er n\u00f8dvendige for driften af vores tjeneste. De omfatter f.eks. cookies, der giver dig mulighed for at logge ind p\u00e5 sikre omr\u00e5der af vores tjeneste, bruge en indk\u00f8bskurv eller benytte dig af e-faktureringstjenester.<\/li>\r\n\t<li>Analytiske\/pr\u00e6stationscookies. De giver os mulighed for at genkende og t\u00e6lle antallet af bes\u00f8gende og se, hvordan bes\u00f8gende bev\u00e6ger sig rundt p\u00e5 vores tjeneste, n\u00e5r de bruger den. Dette hj\u00e6lper os med at forbedre den m\u00e5de, vores tjeneste fungerer p\u00e5, for eksempel ved at sikre, at brugerne nemt finder det, de leder efter.<\/li>\r\n\t<li>Funktionalitetscookies. Disse bruges til at genkende dig, n\u00e5r du vender tilbage til vores tjeneste. Dette g\u00f8r det muligt for os at personligg\u00f8re vores indhold til dig, hilse p\u00e5 dig ved navn og huske dine pr\u00e6ferencer (f.eks. dit valg af sprog eller region).<\/li>\r\n\t<li>M\u00e5lrettede cookies. Disse cookies registrerer dit bes\u00f8g p\u00e5 vores tjeneste, de sider\/sektioner, du har bes\u00f8gt, og de links, du har fulgt. Vi bruger disse oplysninger til at g\u00f8re vores tjeneste og den annoncering, der vises p\u00e5 den, mere relevant for dine interesser. Vi kan ogs\u00e5 dele disse oplysninger med tredjeparter til dette form\u00e5l.<\/li>\r\n<\/ul>\r\n<p>Bem\u00e6rk venligst, at tredjeparter (herunder f.eks. reklamenetv\u00e6rk og udbydere af eksterne tjenester som webtrafikanalysetjenester) ogs\u00e5 kan bruge cookies, som vi ikke har kontrol over. Disse cookies er sandsynligvis analytiske\/pr\u00e6stationscookies eller m\u00e5lretningscookies. \u00a0<\/p>\r\n<p>Du kan blokere cookies ved at aktivere indstillingen i din browser, der giver dig mulighed for at n\u00e6gte at indstille alle eller nogle cookies. Hvis du bruger dine browserindstillinger til at blokere alle cookies (inklusive n\u00f8dvendige cookies), kan du muligvis ikke f\u00e5 adgang til hele eller dele af vores tjeneste.<\/p>","protected":false},"excerpt":{"rendered":"Fra tid til anden kan NUCLEON placere oplysninger p\u00e5 din computer, som g\u00f8r det muligt for NUCLEON at genkende din computer. Disse oplysninger kaldes almindeligvis en &quot;cookie&quot;. Cookies muligg\u00f8r typisk indsamling af visse oplysninger om din computer, herunder din IP-adresse (internetprotokol), din computers operativsystem, din browsertype og adressen p\u00e5 enhver henvisende [\u2026]","protected":false},"author":2,"featured_media":0,"parent":0,"menu_order":0,"comment_status":"closed","ping_status":"closed","template":"","meta":{"_seopress_robots_primary_cat":"","footnotes":""},"_links":{"self":[{"href":"https:\/\/www.nucleonglobal.com\/da\/wp-json\/wp\/v2\/pages\/2686"}],"collection":[{"href":"https:\/\/www.nucleonglobal.com\/da\/wp-json\/wp\/v2\/pages"}],"about":[{"href":"https:\/\/www.nucleonglobal.com\/da\/wp-json\/wp\/v2\/types\/page"}],"author":[{"embeddable":true,"href":"https:\/\/www.nucleonglobal.com\/da\/wp-json\/wp\/v2\/users\/2"}],"replies":[{"embeddable":true,"href":"https:\/\/www.nucleonglobal.com\/da\/wp-json\/wp\/v2\/comments?post=2686"}],"version-history":[{"count":1,"href":"https:\/\/www.nucleonglobal.com\/da\/wp-json\/wp\/v2\/pages\/2686\/revisions"}],"predecessor-version":[{"id":2687,"href":"https:\/\/www.nucleonglobal.com\/da\/wp-json\/wp\/v2\/pages\/2686\/revisions\/2687"}],"wp:attachment":[{"href":"https:\/\/www.nucleonglobal.com\/da\/wp-json\/wp\/v2\/media?parent=2686"}],"curies":[{"name":"wp","href":"https:\/\/api.w.org\/{rel}","templated":true}]}}